{"id":2557,"date":"2024-04-10T14:20:32","date_gmt":"2024-04-10T12:20:32","guid":{"rendered":"https:\/\/repteriparkolocentrum.hu\/transfer\/"},"modified":"2024-10-02T13:54:58","modified_gmt":"2024-10-02T11:54:58","slug":"transfer","status":"publish","type":"page","link":"https:\/\/repteriparkolocentrum.hu\/en\/transfer\/","title":{"rendered":"Transfer"},"content":{"rendered":"<style>\/*! elementor - v3.20.0 - 26-03-2024 *\/<br \/>.elementor-heading-title{padding:0;margin:0;line-height:1}.elementor-widget-heading .elementor-heading-title[class*=elementor-size-]&gt;a{color:inherit;font-size:inherit;line-height:inherit}.elementor-widget-heading .elementor-heading-title.elementor-size-small{font-size:15px}.elementor-widget-heading .elementor-heading-title.elementor-size-medium{font-size:19px}.elementor-widget-heading .elementor-heading-title.elementor-size-large{font-size:29px}.elementor-widget-heading .elementor-heading-title.elementor-size-xl{font-size:39px}.elementor-widget-heading .elementor-heading-title.elementor-size-xxl{font-size:59px}<\/style>\n<h1>About the airport transfer<\/h1>\n<p><strong>How long does it take to get from the car park to the airport?<\/strong> The journey to the airport takes roughly 6-8 minutes, but the whole procedure from arrival at the car park to delivery to the airport takes about 20 minutes.<br \/>\n(transfer of suitcases, parking, administration) <strong>How long do I have to wait for the transfer?<\/strong> Usually nothing, but sometimes there are several people at the same time.<br \/>\nIn this case we call the late arrivals and if they are very late, we don&#8217;t wait for them, we go to the airport.<br \/>\n&#8211; On the way back from the airport, you just have to call us and we&#8217;re on our way. <strong>When and how often is the transfer?<\/strong> You can come to us whole and halfway.<br \/>\nThis is how we try to keep our deliveries to the airport continuous.<br \/>\nThis often gets upset by slips.<br \/>\nSo we come and go as the need dictates.<br \/>\n&#8211; On the way back from the airport we are constantly transporting passengers back. <strong>Is it possible to reserve a parking space only?<\/strong> Yes.<br \/>\nOur free shuttle service is part of the parking but you can cancel it at any time. <strong>Is it only possible to book a shuttle and not a parking space?<\/strong> If you need an airport transfer, you can book without parking.<br \/>\nPlease contact us to discuss the details! <strong>My plane is late.<br \/>\nIs there a transfer at dawn? <\/strong> Of course!<br \/>\nWe have a shuttle service to and from the airport 24 hours a day. <strong>When do I have to arrive?<\/strong> Like the airlines, we recommend arriving at the car park 2 &#8211; 2.5 hours before your flight departs.<br \/>\nThe journey to the airport takes approximately 6-8 minutes, but the whole procedure from arrival at the car park to delivery to the airport should take approximately 20 minutes.<br \/>\n(transfer of suitcases, parking, administration) <strong>How can I change my booking?<\/strong> You can easily book and change your airport parking online in just a few steps.<br \/>\nJust enter some basic information in our system.<br \/>\nYou can change your reservation online 24 hours before you arrive at the car park.<br \/>\nWithin 24 hours by phone only. <strong>How do I get to my car?<\/strong> On return, we will meet at the agreed place. All you have to do is go there and call us on the phone number provided. +36 30 337 6767 <strong>Where is the car park?<\/strong> Our guarded car park is located just a few minutes away from Ferihegy Airport, at 2220 Vecs\u00e9s, Alm\u00e1skert \u00fat 18\/A <strong>.<\/strong><\/p>\n<ul>\n<li>Leather upholstery for a fraction of the price of an airport.<\/li>\n<li>We will gladly weigh your suitcase<\/li>\n<li>Car interior cleaning<\/li>\n<\/ul>\n<style>\/*! elementor - v3.20.0 - 26-03-2024 *\/<br \/>body.elementor-page .elementor-widget-menu-anchor{margin-bottom:0}<\/style>\n","protected":false},"excerpt":{"rendered":"<p>About the airport transfer How long does it take to get from the car park to the airport? The journey to the airport takes roughly 6-8 minutes, but the whole procedure from arrival at the car park to delivery to the airport takes about 20 minutes. (transfer of suitcases, parking, administration) How long do I&#8230;<\/p>\n","protected":false},"author":1,"featured_media":0,"parent":0,"menu_order":0,"comment_status":"closed","ping_status":"closed","template":"","meta":{"footnotes":""},"class_list":["post-2557","page","type-page","status-publish","hentry"],"yoast_head":"<!-- This site is optimized with the Yoast SEO Premium plugin v23.9 (Yoast SEO v24.0) - https:\/\/yoast.com\/wordpress\/plugins\/seo\/ -->\n<title>Transfer | Airport Parking Centrum<\/title>\n<meta name=\"description\" content=\"Transfer informations, important facts and information about our transfer service, available 0-24, to and from the airport.\" \/>\n<meta name=\"robots\" content=\"index, follow, max-snippet:-1, max-image-preview:large, max-video-preview:-1\" \/>\n<link rel=\"canonical\" href=\"https:\/\/repteriparkolocentrum.hu\/en\/transfer\/\" \/>\n<meta property=\"og:locale\" content=\"en_US\" \/>\n<meta property=\"og:type\" content=\"article\" \/>\n<meta property=\"og:title\" content=\"Transfer\" \/>\n<meta property=\"og:description\" content=\"Transfer informations, important facts and information about our transfer service, available 0-24, to and from the airport.\" \/>\n<meta property=\"og:url\" content=\"https:\/\/repteriparkolocentrum.hu\/en\/transfer\/\" \/>\n<meta property=\"og:site_name\" content=\"Rept\u00e9ri Parkol\u00e1s 0-24 | Ferihegy Parkol\u00e1s k\u00f6zel a rept\u00e9rhez [6p.]\" \/>\n<meta property=\"article:modified_time\" content=\"2024-10-02T11:54:58+00:00\" \/>\n<meta name=\"twitter:card\" content=\"summary_large_image\" \/>\n<meta name=\"twitter:label1\" content=\"Est. reading time\" \/>\n\t<meta name=\"twitter:data1\" content=\"3 minutes\" \/>\n<script type=\"application\/ld+json\" class=\"yoast-schema-graph\">{\"@context\":\"https:\/\/schema.org\",\"@graph\":[{\"@type\":\"WebPage\",\"@id\":\"https:\/\/repteriparkolocentrum.hu\/en\/transfer\/\",\"url\":\"https:\/\/repteriparkolocentrum.hu\/en\/transfer\/\",\"name\":\"Transfer | Airport Parking Centrum\",\"isPartOf\":{\"@id\":\"https:\/\/repteriparkolocentrum.hu\/en\/#website\"},\"datePublished\":\"2024-04-10T12:20:32+00:00\",\"dateModified\":\"2024-10-02T11:54:58+00:00\",\"description\":\"Transfer informations, important facts and information about our transfer service, available 0-24, to and from the airport.\",\"breadcrumb\":{\"@id\":\"https:\/\/repteriparkolocentrum.hu\/en\/transfer\/#breadcrumb\"},\"inLanguage\":\"en-US\",\"potentialAction\":[{\"@type\":\"ReadAction\",\"target\":[\"https:\/\/repteriparkolocentrum.hu\/en\/transfer\/\"]}]},{\"@type\":\"BreadcrumbList\",\"@id\":\"https:\/\/repteriparkolocentrum.hu\/en\/transfer\/#breadcrumb\",\"itemListElement\":[{\"@type\":\"ListItem\",\"position\":1,\"name\":\"Kezd\u0151lap\",\"item\":\"https:\/\/repteriparkolocentrum.hu\/en\/\"},{\"@type\":\"ListItem\",\"position\":2,\"name\":\"Transfer\"}]},{\"@type\":\"WebSite\",\"@id\":\"https:\/\/repteriparkolocentrum.hu\/en\/#website\",\"url\":\"https:\/\/repteriparkolocentrum.hu\/en\/\",\"name\":\"Rept\u00e9ri Parkol\u00e1s 0-24 | Ferihegy Parkol\u00e1s k\u00f6zel a rept\u00e9rhez [6p.]\",\"description\":\"Olcs\u00f3 \u0151rz\u00f6tt rept\u00e9ri parkol\u00f3 ingyenes transzferrel! 0-24 nyitva. Egyszer\u0171, gyors \u00e9s k\u00e9nyelmes = a bej\u00e1ratig vissz\u00fck. Ne s\u00e9t\u00e1ljon feleslegesen ak\u00e1r 1km-t!\",\"publisher\":{\"@id\":\"https:\/\/repteriparkolocentrum.hu\/en\/#organization\"},\"potentialAction\":[{\"@type\":\"SearchAction\",\"target\":{\"@type\":\"EntryPoint\",\"urlTemplate\":\"https:\/\/repteriparkolocentrum.hu\/en\/?s={search_term_string}\"},\"query-input\":{\"@type\":\"PropertyValueSpecification\",\"valueRequired\":true,\"valueName\":\"search_term_string\"}}],\"inLanguage\":\"en-US\"},{\"@type\":\"Organization\",\"@id\":\"https:\/\/repteriparkolocentrum.hu\/en\/#organization\",\"name\":\"Parkol\u00f3 Centrum Kft\",\"url\":\"https:\/\/repteriparkolocentrum.hu\/en\/\",\"logo\":{\"@type\":\"ImageObject\",\"inLanguage\":\"en-US\",\"@id\":\"https:\/\/repteriparkolocentrum.hu\/en\/#\/schema\/logo\/image\/\",\"url\":\"https:\/\/repteriparkolocentrum.hu\/wp-content\/uploads\/2023\/01\/PARKOLO-CENTRUM-v04.png\",\"contentUrl\":\"https:\/\/repteriparkolocentrum.hu\/wp-content\/uploads\/2023\/01\/PARKOLO-CENTRUM-v04.png\",\"width\":1400,\"height\":174,\"caption\":\"Parkol\u00f3 Centrum Kft\"},\"image\":{\"@id\":\"https:\/\/repteriparkolocentrum.hu\/en\/#\/schema\/logo\/image\/\"}}]}<\/script>\n<!-- \/ Yoast SEO Premium plugin. -->","yoast_head_json":{"title":"Transfer | Airport Parking Centrum","description":"Transfer informations, important facts and information about our transfer service, available 0-24, to and from the airport.","robots":{"index":"index","follow":"follow","max-snippet":"max-snippet:-1","max-image-preview":"max-image-preview:large","max-video-preview":"max-video-preview:-1"},"canonical":"https:\/\/repteriparkolocentrum.hu\/en\/transfer\/","og_locale":"en_US","og_type":"article","og_title":"Transfer","og_description":"Transfer informations, important facts and information about our transfer service, available 0-24, to and from the airport.","og_url":"https:\/\/repteriparkolocentrum.hu\/en\/transfer\/","og_site_name":"Rept\u00e9ri Parkol\u00e1s 0-24 | Ferihegy Parkol\u00e1s k\u00f6zel a rept\u00e9rhez [6p.]","article_modified_time":"2024-10-02T11:54:58+00:00","twitter_card":"summary_large_image","twitter_misc":{"Est. reading time":"3 minutes"},"schema":{"@context":"https:\/\/schema.org","@graph":[{"@type":"WebPage","@id":"https:\/\/repteriparkolocentrum.hu\/en\/transfer\/","url":"https:\/\/repteriparkolocentrum.hu\/en\/transfer\/","name":"Transfer | Airport Parking Centrum","isPartOf":{"@id":"https:\/\/repteriparkolocentrum.hu\/en\/#website"},"datePublished":"2024-04-10T12:20:32+00:00","dateModified":"2024-10-02T11:54:58+00:00","description":"Transfer informations, important facts and information about our transfer service, available 0-24, to and from the airport.","breadcrumb":{"@id":"https:\/\/repteriparkolocentrum.hu\/en\/transfer\/#breadcrumb"},"inLanguage":"en-US","potentialAction":[{"@type":"ReadAction","target":["https:\/\/repteriparkolocentrum.hu\/en\/transfer\/"]}]},{"@type":"BreadcrumbList","@id":"https:\/\/repteriparkolocentrum.hu\/en\/transfer\/#breadcrumb","itemListElement":[{"@type":"ListItem","position":1,"name":"Kezd\u0151lap","item":"https:\/\/repteriparkolocentrum.hu\/en\/"},{"@type":"ListItem","position":2,"name":"Transfer"}]},{"@type":"WebSite","@id":"https:\/\/repteriparkolocentrum.hu\/en\/#website","url":"https:\/\/repteriparkolocentrum.hu\/en\/","name":"Rept\u00e9ri Parkol\u00e1s 0-24 | Ferihegy Parkol\u00e1s k\u00f6zel a rept\u00e9rhez [6p.]","description":"Olcs\u00f3 \u0151rz\u00f6tt rept\u00e9ri parkol\u00f3 ingyenes transzferrel! 0-24 nyitva. Egyszer\u0171, gyors \u00e9s k\u00e9nyelmes = a bej\u00e1ratig vissz\u00fck. Ne s\u00e9t\u00e1ljon feleslegesen ak\u00e1r 1km-t!","publisher":{"@id":"https:\/\/repteriparkolocentrum.hu\/en\/#organization"},"potentialAction":[{"@type":"SearchAction","target":{"@type":"EntryPoint","urlTemplate":"https:\/\/repteriparkolocentrum.hu\/en\/?s={search_term_string}"},"query-input":{"@type":"PropertyValueSpecification","valueRequired":true,"valueName":"search_term_string"}}],"inLanguage":"en-US"},{"@type":"Organization","@id":"https:\/\/repteriparkolocentrum.hu\/en\/#organization","name":"Parkol\u00f3 Centrum Kft","url":"https:\/\/repteriparkolocentrum.hu\/en\/","logo":{"@type":"ImageObject","inLanguage":"en-US","@id":"https:\/\/repteriparkolocentrum.hu\/en\/#\/schema\/logo\/image\/","url":"https:\/\/repteriparkolocentrum.hu\/wp-content\/uploads\/2023\/01\/PARKOLO-CENTRUM-v04.png","contentUrl":"https:\/\/repteriparkolocentrum.hu\/wp-content\/uploads\/2023\/01\/PARKOLO-CENTRUM-v04.png","width":1400,"height":174,"caption":"Parkol\u00f3 Centrum Kft"},"image":{"@id":"https:\/\/repteriparkolocentrum.hu\/en\/#\/schema\/logo\/image\/"}}]}},"_links":{"self":[{"href":"https:\/\/repteriparkolocentrum.hu\/en\/wp-json\/wp\/v2\/pages\/2557","targetHints":{"allow":["GET"]}}],"collection":[{"href":"https:\/\/repteriparkolocentrum.hu\/en\/wp-json\/wp\/v2\/pages"}],"about":[{"href":"https:\/\/repteriparkolocentrum.hu\/en\/wp-json\/wp\/v2\/types\/page"}],"author":[{"embeddable":true,"href":"https:\/\/repteriparkolocentrum.hu\/en\/wp-json\/wp\/v2\/users\/1"}],"replies":[{"embeddable":true,"href":"https:\/\/repteriparkolocentrum.hu\/en\/wp-json\/wp\/v2\/comments?post=2557"}],"version-history":[{"count":1,"href":"https:\/\/repteriparkolocentrum.hu\/en\/wp-json\/wp\/v2\/pages\/2557\/revisions"}],"predecessor-version":[{"id":2558,"href":"https:\/\/repteriparkolocentrum.hu\/en\/wp-json\/wp\/v2\/pages\/2557\/revisions\/2558"}],"wp:attachment":[{"href":"https:\/\/repteriparkolocentrum.hu\/en\/wp-json\/wp\/v2\/media?parent=2557"}],"curies":[{"name":"wp","href":"https:\/\/api.w.org\/{rel}","templated":true}]}}